{"id":294,"date":"2018-05-23T16:17:23","date_gmt":"2018-05-23T16:17:23","guid":{"rendered":"http:\/\/rdmproductora.com\/cennm\/?page_id=294"},"modified":"2018-06-27T14:28:37","modified_gmt":"2018-06-27T20:28:37","slug":"cursos-y-diplomados","status":"publish","type":"page","link":"https:\/\/cennm.com\/cennm\/academia\/cursos-y-diplomados\/","title":{"rendered":"Cursos y Diplomados"},"content":{"rendered":"<h2>Ent\u00e9rate de nuestros nuevos cursos<\/h2>\n<h5>Suscribete a nuestro bolet\u00edn de noticias<\/h5>\n<p>\t\t\t\t\t<input type=\"text\" name=\"uabb-subscribe-form-fname\" id=\"uabb-subscribe-form-fname\" placeholder=\"Nombre \" \/><br \/>\n\t\t\t\t\t\t\t\t\t\t!<br \/>\n\t\t\t\t<!-- Inline Block Space Fix \n\t\t\t\t--><!-- Inline Block Space Fix\n\t\t\t\t--><br \/>\n\t\t\t\t\t<input type=\"text\" name=\"uabb-subscribe-form-email\" placeholder=\"e-mail\" \/><br \/>\n\t\t\t\t\t\t\t\t\t\t!<br \/>\n\t\t\t\t<!-- Inline Block Space Fix\t\n\t\t\t\t--><!-- Inline Block Space Fix\t\n\t\t\t\t--><br \/>\n\t\t\t<a href=\"#\" target=\"_self\"   role=\"button\"><br \/>\n\t\t\t\t\t\t\t\u00a1Suscribirme!<br \/>\n\t\t<\/a><\/p>\n<p>Recuerda confirmar tu correo electr\u00f3nico para poder recibir nuestros boletines. Si no recibes el correo de confirmaci\u00f3n por favor revisa en tu bandeja de correos no deseados.<\/p>\n<p>\t\t\t\t\t\tSomething went wrong. Please check your entries and try again.<br \/>\n\t\t\t\t<img decoding=\"async\" src=\"http:\/\/rdmproductora.com\/cennm\/wp-content\/uploads\/2018\/05\/diplomado.jpg\" alt=\"diplomado\" itemprop=\"image\" title=\"diplomado\"  \/><\/p>\n<h3>\n\t\t<a href=\"https:\/\/www.facebook.com\/events\/201282503957005\/\" title=\"Las 10 enfermedades neurol\u00f3gicas m\u00e1s frecuentes en M\u00e9xico\" target=\"_self\"><br \/>\n\t\tLas 10 enfermedades neurol\u00f3gicas m\u00e1s frecuentes en M\u00e9xico<br \/>\n\t\t<\/a><br \/>\n\t<\/h3>\n<p>La Facultad de Medicina de la Universidad Nacional Aut\u00f3noma de M\u00e9xico a trav\u00e9s de su divisi\u00f3n de estudios de posgrado y el Centro Especializado de Neurocirug\u00eda y Neurociencias M\u00e9xico, te invitan a la segunda edici\u00f3n del diplomado &#8220;LAS 10 ENFERMEDADES NEUROL\u00d3GICAS M\u00c1S FRECUENTES EN M\u00c9XICO&#8221;.<\/p>\n<p>\t\t\t<a href=\" https:\/\/mailchi.mp\/05881bfc2702\/diplomado-de-actualizacin-las-10-enfermedades-neurolgicas-ms-frecuentes-en-mxico\" target=\"_blank\" role=\"button\" rel=\"noopener\" ><br \/>\n\t\t\t\t\t\t\tPre-registro<br \/>\n\t\t\t\t\t<\/a><br \/>\n\t\t\t\t<img decoding=\"async\" src=\"http:\/\/rdmproductora.com\/cennm\/wp-content\/uploads\/2018\/05\/QR-CENNM-Diplomado-300x300.png\" alt=\"QR CENNM Diplomado\" itemprop=\"image\" title=\"QR CENNM Diplomado\"  \/><\/p>\n","protected":false},"excerpt":{"rendered":"<p>Ent\u00e9rate de nuestros nuevos cursos Suscribete a nuestro bolet\u00edn de noticias ! ! \u00a1Suscribirme! Recuerda confirmar tu correo electr\u00f3nico para poder recibir nuestros boletines. Si no recibes el correo de confirmaci\u00f3n por favor revisa en tu bandeja de correos no deseados. Something went wrong. Please check your entries and try again. Las 10 enfermedades neurol\u00f3gicas&hellip;<\/p>\n","protected":false},"author":1,"featured_media":0,"parent":219,"menu_order":0,"comment_status":"closed","ping_status":"closed","template":"","meta":{"footnotes":""},"class_list":["post-294","page","type-page","status-publish","hentry"],"yoast_head":"<!-- This site is optimized with the Yoast SEO plugin v18.2 - https:\/\/yoast.com\/wordpress\/plugins\/seo\/ -->\n<title>Cursos y Diplomados - CENNM<\/title>\n<meta name=\"robots\" content=\"index, follow, max-snippet:-1, max-image-preview:large, max-video-preview:-1\" \/>\n<link rel=\"canonical\" href=\"https:\/\/cennm.com\/cennm\/academia\/cursos-y-diplomados\/\" \/>\n<meta property=\"og:locale\" content=\"es_MX\" \/>\n<meta property=\"og:type\" content=\"article\" \/>\n<meta property=\"og:title\" content=\"Cursos y Diplomados - CENNM\" \/>\n<meta property=\"og:description\" content=\"Ent\u00e9rate de nuestros nuevos cursos Suscribete a nuestro bolet\u00edn de noticias ! ! \u00a1Suscribirme! Recuerda confirmar tu correo electr\u00f3nico para poder recibir nuestros boletines. Si no recibes el correo de confirmaci\u00f3n por favor revisa en tu bandeja de correos no deseados. Something went wrong. Please check your entries and try again. Las 10 enfermedades neurol\u00f3gicas&hellip;\" \/>\n<meta property=\"og:url\" content=\"https:\/\/cennm.com\/cennm\/academia\/cursos-y-diplomados\/\" \/>\n<meta property=\"og:site_name\" content=\"CENNM\" \/>\n<meta property=\"article:publisher\" content=\"https:\/\/www.facebook.com\/CENNM\/\" \/>\n<meta property=\"article:modified_time\" content=\"2018-06-27T20:28:37+00:00\" \/>\n<meta property=\"og:image\" content=\"http:\/\/rdmproductora.com\/cennm\/wp-content\/uploads\/2018\/05\/diplomado.jpg\" \/>\n<meta name=\"twitter:card\" content=\"summary_large_image\" \/>\n<meta name=\"twitter:site\" content=\"@CENNM_\" \/>\n<meta name=\"twitter:label1\" content=\"Tiempo de lectura\" \/>\n\t<meta name=\"twitter:data1\" content=\"1 minuto\" \/>\n<script type=\"application\/ld+json\" class=\"yoast-schema-graph\">{\"@context\":\"https:\/\/schema.org\",\"@graph\":[{\"@type\":\"WebSite\",\"@id\":\"https:\/\/cennm.com\/cennm\/#website\",\"url\":\"https:\/\/cennm.com\/cennm\/\",\"name\":\"CENNM\",\"description\":\"Centro Especializado en Neurocirug\u00eda y Neurociencias M\u00e9xico\",\"potentialAction\":[{\"@type\":\"SearchAction\",\"target\":{\"@type\":\"EntryPoint\",\"urlTemplate\":\"https:\/\/cennm.com\/cennm\/?s={search_term_string}\"},\"query-input\":\"required name=search_term_string\"}],\"inLanguage\":\"es\"},{\"@type\":\"ImageObject\",\"@id\":\"https:\/\/cennm.com\/cennm\/academia\/cursos-y-diplomados\/#primaryimage\",\"inLanguage\":\"es\",\"url\":\"http:\/\/rdmproductora.com\/cennm\/wp-content\/uploads\/2018\/05\/diplomado.jpg\",\"contentUrl\":\"http:\/\/rdmproductora.com\/cennm\/wp-content\/uploads\/2018\/05\/diplomado.jpg\"},{\"@type\":\"WebPage\",\"@id\":\"https:\/\/cennm.com\/cennm\/academia\/cursos-y-diplomados\/#webpage\",\"url\":\"https:\/\/cennm.com\/cennm\/academia\/cursos-y-diplomados\/\",\"name\":\"Cursos y Diplomados - CENNM\",\"isPartOf\":{\"@id\":\"https:\/\/cennm.com\/cennm\/#website\"},\"primaryImageOfPage\":{\"@id\":\"https:\/\/cennm.com\/cennm\/academia\/cursos-y-diplomados\/#primaryimage\"},\"datePublished\":\"2018-05-23T16:17:23+00:00\",\"dateModified\":\"2018-06-27T20:28:37+00:00\",\"breadcrumb\":{\"@id\":\"https:\/\/cennm.com\/cennm\/academia\/cursos-y-diplomados\/#breadcrumb\"},\"inLanguage\":\"es\",\"potentialAction\":[{\"@type\":\"ReadAction\",\"target\":[\"https:\/\/cennm.com\/cennm\/academia\/cursos-y-diplomados\/\"]}]},{\"@type\":\"BreadcrumbList\",\"@id\":\"https:\/\/cennm.com\/cennm\/academia\/cursos-y-diplomados\/#breadcrumb\",\"itemListElement\":[{\"@type\":\"ListItem\",\"position\":1,\"name\":\"Inicio\",\"item\":\"https:\/\/cennm.com\/cennm\/\"},{\"@type\":\"ListItem\",\"position\":2,\"name\":\"Academia\",\"item\":\"https:\/\/cennm.com\/cennm\/academia\/\"},{\"@type\":\"ListItem\",\"position\":3,\"name\":\"Cursos y Diplomados\"}]}]}<\/script>\n<!-- \/ Yoast SEO plugin. -->","yoast_head_json":{"title":"Cursos y Diplomados - CENNM","robots":{"index":"index","follow":"follow","max-snippet":"max-snippet:-1","max-image-preview":"max-image-preview:large","max-video-preview":"max-video-preview:-1"},"canonical":"https:\/\/cennm.com\/cennm\/academia\/cursos-y-diplomados\/","og_locale":"es_MX","og_type":"article","og_title":"Cursos y Diplomados - CENNM","og_description":"Ent\u00e9rate de nuestros nuevos cursos Suscribete a nuestro bolet\u00edn de noticias ! ! \u00a1Suscribirme! Recuerda confirmar tu correo electr\u00f3nico para poder recibir nuestros boletines. Si no recibes el correo de confirmaci\u00f3n por favor revisa en tu bandeja de correos no deseados. Something went wrong. Please check your entries and try again. Las 10 enfermedades neurol\u00f3gicas&hellip;","og_url":"https:\/\/cennm.com\/cennm\/academia\/cursos-y-diplomados\/","og_site_name":"CENNM","article_publisher":"https:\/\/www.facebook.com\/CENNM\/","article_modified_time":"2018-06-27T20:28:37+00:00","og_image":[{"url":"http:\/\/rdmproductora.com\/cennm\/wp-content\/uploads\/2018\/05\/diplomado.jpg"}],"twitter_card":"summary_large_image","twitter_site":"@CENNM_","twitter_misc":{"Tiempo de lectura":"1 minuto"},"schema":{"@context":"https:\/\/schema.org","@graph":[{"@type":"WebSite","@id":"https:\/\/cennm.com\/cennm\/#website","url":"https:\/\/cennm.com\/cennm\/","name":"CENNM","description":"Centro Especializado en Neurocirug\u00eda y Neurociencias M\u00e9xico","potentialAction":[{"@type":"SearchAction","target":{"@type":"EntryPoint","urlTemplate":"https:\/\/cennm.com\/cennm\/?s={search_term_string}"},"query-input":"required name=search_term_string"}],"inLanguage":"es"},{"@type":"ImageObject","@id":"https:\/\/cennm.com\/cennm\/academia\/cursos-y-diplomados\/#primaryimage","inLanguage":"es","url":"http:\/\/rdmproductora.com\/cennm\/wp-content\/uploads\/2018\/05\/diplomado.jpg","contentUrl":"http:\/\/rdmproductora.com\/cennm\/wp-content\/uploads\/2018\/05\/diplomado.jpg"},{"@type":"WebPage","@id":"https:\/\/cennm.com\/cennm\/academia\/cursos-y-diplomados\/#webpage","url":"https:\/\/cennm.com\/cennm\/academia\/cursos-y-diplomados\/","name":"Cursos y Diplomados - CENNM","isPartOf":{"@id":"https:\/\/cennm.com\/cennm\/#website"},"primaryImageOfPage":{"@id":"https:\/\/cennm.com\/cennm\/academia\/cursos-y-diplomados\/#primaryimage"},"datePublished":"2018-05-23T16:17:23+00:00","dateModified":"2018-06-27T20:28:37+00:00","breadcrumb":{"@id":"https:\/\/cennm.com\/cennm\/academia\/cursos-y-diplomados\/#breadcrumb"},"inLanguage":"es","potentialAction":[{"@type":"ReadAction","target":["https:\/\/cennm.com\/cennm\/academia\/cursos-y-diplomados\/"]}]},{"@type":"BreadcrumbList","@id":"https:\/\/cennm.com\/cennm\/academia\/cursos-y-diplomados\/#breadcrumb","itemListElement":[{"@type":"ListItem","position":1,"name":"Inicio","item":"https:\/\/cennm.com\/cennm\/"},{"@type":"ListItem","position":2,"name":"Academia","item":"https:\/\/cennm.com\/cennm\/academia\/"},{"@type":"ListItem","position":3,"name":"Cursos y Diplomados"}]}]}},"_links":{"self":[{"href":"https:\/\/cennm.com\/cennm\/wp-json\/wp\/v2\/pages\/294","targetHints":{"allow":["GET"]}}],"collection":[{"href":"https:\/\/cennm.com\/cennm\/wp-json\/wp\/v2\/pages"}],"about":[{"href":"https:\/\/cennm.com\/cennm\/wp-json\/wp\/v2\/types\/page"}],"author":[{"embeddable":true,"href":"https:\/\/cennm.com\/cennm\/wp-json\/wp\/v2\/users\/1"}],"replies":[{"embeddable":true,"href":"https:\/\/cennm.com\/cennm\/wp-json\/wp\/v2\/comments?post=294"}],"version-history":[{"count":4,"href":"https:\/\/cennm.com\/cennm\/wp-json\/wp\/v2\/pages\/294\/revisions"}],"predecessor-version":[{"id":580,"href":"https:\/\/cennm.com\/cennm\/wp-json\/wp\/v2\/pages\/294\/revisions\/580"}],"up":[{"embeddable":true,"href":"https:\/\/cennm.com\/cennm\/wp-json\/wp\/v2\/pages\/219"}],"wp:attachment":[{"href":"https:\/\/cennm.com\/cennm\/wp-json\/wp\/v2\/media?parent=294"}],"curies":[{"name":"wp","href":"https:\/\/api.w.org\/{rel}","templated":true}]}}