{"id":54,"date":"2018-04-24T18:56:05","date_gmt":"2018-04-24T18:56:05","guid":{"rendered":"http:\/\/rdmproductora.com\/cennm\/?page_id=54"},"modified":"2020-05-13T17:31:58","modified_gmt":"2020-05-13T23:31:58","slug":"consultorios","status":"publish","type":"page","link":"https:\/\/cennm.com\/cennm\/consultorios\/","title":{"rendered":"Consultorios"},"content":{"rendered":"\r\n<h2>Cont\u00e1ctanos<\/h2>\r\n<h4>Puedes contactarnos para cualquier duda o para agendar tu cita a trav\u00e9s del siguiente formulario o al correo <a href=\"mailto:contacto@cennm.com\">info@cennm.com<\/a><\/h4>\r\n<h3>Vis\u00edtanos en nuestros consultorios.<\/h3>\r\n<h3>Ciudad de M\u00e9xico<\/h3>\r\n<p><iframe src=\"https:\/\/www.google.com\/maps\/embed\/v1\/place?q=CENNM+1+-+Hospital+Trinidad&amp;key=AIzaSyD09zQ9PNDNNy9TadMuzRV_UsPUoWKntt8\"><\/iframe> <iframe src=\"https:\/\/www.google.com\/maps\/embed\/v1\/place?q=CENNM+2+Calle+Rio+Bamba+No.927+Lindavista+Norte%2C+Lindavista+Nte.%2C+07300+Gustavo+A.+Madero%2C+CDMX&amp;key=AIzaSyD09zQ9PNDNNy9TadMuzRV_UsPUoWKntt8\"><\/iframe><\/p>\r\n<h3>Estado de M\u00e9xico<\/h3>\r\n<p><iframe src=\"https:\/\/www.google.com\/maps\/embed\/v1\/place?q=CENNM+3&amp;key=AIzaSyD09zQ9PNDNNy9TadMuzRV_UsPUoWKntt8\"><\/iframe><\/p>\r\n","protected":false},"excerpt":{"rendered":"<p>Cont\u00e1ctanos Puedes contactarnos para cualquier duda o para agendar tu cita a trav\u00e9s del siguiente formulario o al correo info@cennm.com Vis\u00edtanos en nuestros consultorios. Ciudad de M\u00e9xico Estado de M\u00e9xico<\/p>\n","protected":false},"author":1,"featured_media":0,"parent":0,"menu_order":0,"comment_status":"closed","ping_status":"closed","template":"","meta":{"footnotes":""},"class_list":["post-54","page","type-page","status-publish","hentry"],"yoast_head":"<!-- This site is optimized with the Yoast SEO plugin v18.2 - https:\/\/yoast.com\/wordpress\/plugins\/seo\/ -->\n<title>Consultorios - CENNM<\/title>\n<meta name=\"robots\" content=\"index, follow, max-snippet:-1, max-image-preview:large, max-video-preview:-1\" \/>\n<link rel=\"canonical\" href=\"https:\/\/cennm.com\/cennm\/consultorios\/\" \/>\n<meta property=\"og:locale\" content=\"es_MX\" \/>\n<meta property=\"og:type\" content=\"article\" \/>\n<meta property=\"og:title\" content=\"Consultorios - CENNM\" \/>\n<meta property=\"og:description\" content=\"Cont\u00e1ctanos Puedes contactarnos para cualquier duda o para agendar tu cita a trav\u00e9s del siguiente formulario o al correo info@cennm.com Vis\u00edtanos en nuestros consultorios. Ciudad de M\u00e9xico Estado de M\u00e9xico\" \/>\n<meta property=\"og:url\" content=\"https:\/\/cennm.com\/cennm\/consultorios\/\" \/>\n<meta property=\"og:site_name\" content=\"CENNM\" \/>\n<meta property=\"article:publisher\" content=\"https:\/\/www.facebook.com\/CENNM\/\" \/>\n<meta property=\"article:modified_time\" content=\"2020-05-13T23:31:58+00:00\" \/>\n<meta name=\"twitter:card\" content=\"summary_large_image\" \/>\n<meta name=\"twitter:site\" content=\"@CENNM_\" \/>\n<script type=\"application\/ld+json\" class=\"yoast-schema-graph\">{\"@context\":\"https:\/\/schema.org\",\"@graph\":[{\"@type\":\"WebSite\",\"@id\":\"https:\/\/cennm.com\/cennm\/#website\",\"url\":\"https:\/\/cennm.com\/cennm\/\",\"name\":\"CENNM\",\"description\":\"Centro Especializado en Neurocirug\u00eda y Neurociencias M\u00e9xico\",\"potentialAction\":[{\"@type\":\"SearchAction\",\"target\":{\"@type\":\"EntryPoint\",\"urlTemplate\":\"https:\/\/cennm.com\/cennm\/?s={search_term_string}\"},\"query-input\":\"required name=search_term_string\"}],\"inLanguage\":\"es\"},{\"@type\":\"WebPage\",\"@id\":\"https:\/\/cennm.com\/cennm\/consultorios\/#webpage\",\"url\":\"https:\/\/cennm.com\/cennm\/consultorios\/\",\"name\":\"Consultorios - CENNM\",\"isPartOf\":{\"@id\":\"https:\/\/cennm.com\/cennm\/#website\"},\"datePublished\":\"2018-04-24T18:56:05+00:00\",\"dateModified\":\"2020-05-13T23:31:58+00:00\",\"breadcrumb\":{\"@id\":\"https:\/\/cennm.com\/cennm\/consultorios\/#breadcrumb\"},\"inLanguage\":\"es\",\"potentialAction\":[{\"@type\":\"ReadAction\",\"target\":[\"https:\/\/cennm.com\/cennm\/consultorios\/\"]}]},{\"@type\":\"BreadcrumbList\",\"@id\":\"https:\/\/cennm.com\/cennm\/consultorios\/#breadcrumb\",\"itemListElement\":[{\"@type\":\"ListItem\",\"position\":1,\"name\":\"Inicio\",\"item\":\"https:\/\/cennm.com\/cennm\/\"},{\"@type\":\"ListItem\",\"position\":2,\"name\":\"Consultorios\"}]}]}<\/script>\n<!-- \/ Yoast SEO plugin. -->","yoast_head_json":{"title":"Consultorios - CENNM","robots":{"index":"index","follow":"follow","max-snippet":"max-snippet:-1","max-image-preview":"max-image-preview:large","max-video-preview":"max-video-preview:-1"},"canonical":"https:\/\/cennm.com\/cennm\/consultorios\/","og_locale":"es_MX","og_type":"article","og_title":"Consultorios - CENNM","og_description":"Cont\u00e1ctanos Puedes contactarnos para cualquier duda o para agendar tu cita a trav\u00e9s del siguiente formulario o al correo info@cennm.com Vis\u00edtanos en nuestros consultorios. Ciudad de M\u00e9xico Estado de M\u00e9xico","og_url":"https:\/\/cennm.com\/cennm\/consultorios\/","og_site_name":"CENNM","article_publisher":"https:\/\/www.facebook.com\/CENNM\/","article_modified_time":"2020-05-13T23:31:58+00:00","twitter_card":"summary_large_image","twitter_site":"@CENNM_","schema":{"@context":"https:\/\/schema.org","@graph":[{"@type":"WebSite","@id":"https:\/\/cennm.com\/cennm\/#website","url":"https:\/\/cennm.com\/cennm\/","name":"CENNM","description":"Centro Especializado en Neurocirug\u00eda y Neurociencias M\u00e9xico","potentialAction":[{"@type":"SearchAction","target":{"@type":"EntryPoint","urlTemplate":"https:\/\/cennm.com\/cennm\/?s={search_term_string}"},"query-input":"required name=search_term_string"}],"inLanguage":"es"},{"@type":"WebPage","@id":"https:\/\/cennm.com\/cennm\/consultorios\/#webpage","url":"https:\/\/cennm.com\/cennm\/consultorios\/","name":"Consultorios - CENNM","isPartOf":{"@id":"https:\/\/cennm.com\/cennm\/#website"},"datePublished":"2018-04-24T18:56:05+00:00","dateModified":"2020-05-13T23:31:58+00:00","breadcrumb":{"@id":"https:\/\/cennm.com\/cennm\/consultorios\/#breadcrumb"},"inLanguage":"es","potentialAction":[{"@type":"ReadAction","target":["https:\/\/cennm.com\/cennm\/consultorios\/"]}]},{"@type":"BreadcrumbList","@id":"https:\/\/cennm.com\/cennm\/consultorios\/#breadcrumb","itemListElement":[{"@type":"ListItem","position":1,"name":"Inicio","item":"https:\/\/cennm.com\/cennm\/"},{"@type":"ListItem","position":2,"name":"Consultorios"}]}]}},"_links":{"self":[{"href":"https:\/\/cennm.com\/cennm\/wp-json\/wp\/v2\/pages\/54","targetHints":{"allow":["GET"]}}],"collection":[{"href":"https:\/\/cennm.com\/cennm\/wp-json\/wp\/v2\/pages"}],"about":[{"href":"https:\/\/cennm.com\/cennm\/wp-json\/wp\/v2\/types\/page"}],"author":[{"embeddable":true,"href":"https:\/\/cennm.com\/cennm\/wp-json\/wp\/v2\/users\/1"}],"replies":[{"embeddable":true,"href":"https:\/\/cennm.com\/cennm\/wp-json\/wp\/v2\/comments?post=54"}],"version-history":[{"count":15,"href":"https:\/\/cennm.com\/cennm\/wp-json\/wp\/v2\/pages\/54\/revisions"}],"predecessor-version":[{"id":822,"href":"https:\/\/cennm.com\/cennm\/wp-json\/wp\/v2\/pages\/54\/revisions\/822"}],"wp:attachment":[{"href":"https:\/\/cennm.com\/cennm\/wp-json\/wp\/v2\/media?parent=54"}],"curies":[{"name":"wp","href":"https:\/\/api.w.org\/{rel}","templated":true}]}}